{"id":41,"date":"2026-02-17T02:17:15","date_gmt":"2026-02-17T00:17:15","guid":{"rendered":"https:\/\/www.sanderedition.com\/?page_id=41"},"modified":"2026-02-17T02:17:17","modified_gmt":"2026-02-17T00:17:17","slug":"a-propos-de-sander-edition","status":"publish","type":"page","link":"http:\/\/www.sanderedition.com\/a-propos-de-sander-edition\/","title":{"rendered":"\u00c0 propos de Sander \u00c9dition"},"content":{"rendered":"\n<h1 class=\"wp-block-heading has-text-align-right\"><strong>\u05d1\u05e2\u05f4\u05d4<\/strong><\/h1>\n\n\n\n<blockquote class=\"wp-block-quote is-layout-flow wp-block-quote-is-layout-flow\">\n<p><em>&#8220;La science est un outil que nous mettons au service exclusif de la Torah et de son accomplissement.&#8221;<\/em><\/p>\n<\/blockquote>\n\n\n\n<h3 class=\"wp-block-heading\">Notre Vocation<\/h3>\n\n\n\n<p>Fond\u00e9e par Menahem-Mendel Sander, <strong>Sander \u00c9dition<\/strong> est une maison d&#8217;\u00e9dition n\u00e9e d&#8217;une volont\u00e9 claire : offrir aux lecteurs des ouvrages de r\u00e9f\u00e9rence o\u00f9 la rigueur scientifique la plus pointue est mobilis\u00e9e <strong>pour<\/strong> l&#8217;application concr\u00e8te de nos textes fondateurs.<\/p>\n\n\n\n<p>Dans un monde moderne souvent complexe, notre ambition est d&#8217;offrir \u00e0 chaque Juif des connaissances pratiques, rigoureuses et totalement fid\u00e8les \u00e0 la tradition, dans le but d&#8217;am\u00e9liorer profond\u00e9ment et sainement sa vie quotidienne.<\/p>\n\n\n\n<h3 class=\"wp-block-heading\">Notre Ligne \u00c9ditoriale : La juste place de la science<\/h3>\n\n\n\n<p>Chez Sander \u00c9dition, notre positionnement est sans \u00e9quivoque. Nous croyons fermement que la Torah se suffit \u00e0 elle-m\u00eame ; elle n&#8217;a nullement besoin de la science pour \u00eatre valid\u00e9e, \u00e9clair\u00e9e ou pour harmoniser la foi de chacun. La v\u00e9rit\u00e9 de nos textes est absolue.<\/p>\n\n\n\n<p>Cependant, le monde mat\u00e9riel dans lequel nous devons accomplir cette Torah, par la volont\u00e9 de D.ieu, r\u00e9pond \u00e0 des r\u00e8gles physiques, biologiques et mat\u00e9rielles. C&#8217;est ici que la science intervient. Nous l&#8217;utilisons strictement comme un outil.<\/p>\n\n\n\n<p>Nos ouvrages s&#8217;appuient sur les d\u00e9couvertes scientifiques b\u00e9n\u00e9ficiant du <strong>plus haut niveau de preuve<\/strong> pour :<\/p>\n\n\n\n<ul class=\"wp-block-list\">\n<li><strong>Comprendre avec pr\u00e9cision<\/strong> le monde mat\u00e9riel d\u00e9crit dans nos textes.<\/li>\n\n\n\n<li><strong>Appliquer concr\u00e8tement et sainement<\/strong> la sagesse de la Torah dans notre quotidien (sant\u00e9, alimentation, mode de vie).<\/li>\n\n\n\n<li><strong>Fournir des cl\u00e9s fiables<\/strong> pour une observance \u00e9clair\u00e9e par les r\u00e9alit\u00e9s techniques d&#8217;aujourd&#8217;hui.<\/li>\n<\/ul>\n\n\n\n<h3 class=\"wp-block-heading\">Notre Engagement Qualit\u00e9<\/h3>\n\n\n\n<p>Sander \u00c9dition s&#8217;engage \u00e0 proposer des livres d&#8217;une exigence absolue. De la traduction minutieuse de textes h\u00e9bra\u00efques complexes \u00e0 l&#8217;analyse rigoureuse des donn\u00e9es scientifiques, chaque ouvrage publi\u00e9 est le fruit d&#8217;un travail de fond.<\/p>\n\n\n\n<p>Nous avons fait le choix de l&#8217;excellence, tant dans le fond de nos analyses que dans la forme de nos ouvrages (livr\u00e9s neufs et sous blister), pour que chaque livre de notre catalogue devienne un outil durable et pr\u00e9cieux dans votre foyer.<\/p>\n","protected":false},"excerpt":{"rendered":"<p>\u05d1\u05e2\u05f4\u05d4 &#8220;La science est un outil que nous mettons au service exclusif de la Torah et de son accomplissement.&#8221; Notre Vocation Fond\u00e9e par Menahem-Mendel Sander, Sander \u00c9dition est une maison d&#8217;\u00e9dition n\u00e9e d&#8217;une volont\u00e9 claire : offrir aux lecteurs des ouvrages de r\u00e9f\u00e9rence o\u00f9 la rigueur scientifique la plus pointue est mobilis\u00e9e pour l&#8217;application concr\u00e8te [&hellip;]<\/p>\n","protected":false},"author":1,"featured_media":0,"parent":0,"menu_order":0,"comment_status":"closed","ping_status":"closed","template":"","meta":{"footnotes":""},"class_list":["post-41","page","type-page","status-publish","hentry"],"jetpack_sharing_enabled":true,"_links":{"self":[{"href":"http:\/\/www.sanderedition.com\/wp-json\/wp\/v2\/pages\/41","targetHints":{"allow":["GET"]}}],"collection":[{"href":"http:\/\/www.sanderedition.com\/wp-json\/wp\/v2\/pages"}],"about":[{"href":"http:\/\/www.sanderedition.com\/wp-json\/wp\/v2\/types\/page"}],"author":[{"embeddable":true,"href":"http:\/\/www.sanderedition.com\/wp-json\/wp\/v2\/users\/1"}],"replies":[{"embeddable":true,"href":"http:\/\/www.sanderedition.com\/wp-json\/wp\/v2\/comments?post=41"}],"version-history":[{"count":1,"href":"http:\/\/www.sanderedition.com\/wp-json\/wp\/v2\/pages\/41\/revisions"}],"predecessor-version":[{"id":42,"href":"http:\/\/www.sanderedition.com\/wp-json\/wp\/v2\/pages\/41\/revisions\/42"}],"wp:attachment":[{"href":"http:\/\/www.sanderedition.com\/wp-json\/wp\/v2\/media?parent=41"}],"curies":[{"name":"wp","href":"https:\/\/api.w.org\/{rel}","templated":true}]}}